{"id":35,"date":"2025-08-05T10:16:04","date_gmt":"2025-08-05T10:16:04","guid":{"rendered":"https:\/\/automata.pt\/?page_id=35"},"modified":"2025-08-05T12:05:30","modified_gmt":"2025-08-05T12:05:30","slug":"landing-page","status":"publish","type":"page","link":"https:\/\/automata.pt\/","title":{"rendered":"Landing Page"},"content":{"rendered":"\t\t<div data-elementor-type=\"wp-page\" data-elementor-id=\"35\" class=\"elementor elementor-35\">\n\t\t\t\t<div class=\"elementor-element elementor-element-15aa24a e-flex e-con-boxed e-con e-parent\" data-id=\"15aa24a\" data-element_type=\"container\" data-settings=\"{&quot;background_background&quot;:&quot;classic&quot;}\">\n\t\t\t\t\t<div class=\"e-con-inner\">\n\t\t\t\t<div class=\"elementor-element elementor-element-e9d3913 elementor-widget-divider--view-line elementor-widget elementor-widget-divider\" data-id=\"e9d3913\" data-element_type=\"widget\" data-widget_type=\"divider.default\">\n\t\t\t\t\t\t\t<div class=\"elementor-divider\">\n\t\t\t<span class=\"elementor-divider-separator\">\n\t\t\t\t\t\t<\/span>\n\t\t<\/div>\n\t\t\t\t\t\t<\/div>\n\t\t\t\t<div class=\"elementor-element elementor-element-024f58b elementor-widget-divider--view-line elementor-widget elementor-widget-divider\" data-id=\"024f58b\" data-element_type=\"widget\" data-widget_type=\"divider.default\">\n\t\t\t\t\t\t\t<div class=\"elementor-divider\">\n\t\t\t<span class=\"elementor-divider-separator\">\n\t\t\t\t\t\t<\/span>\n\t\t<\/div>\n\t\t\t\t\t\t<\/div>\n\t\t\t\t<div class=\"elementor-element elementor-element-2ee4a88 elementor-widget elementor-widget-heading\" data-id=\"2ee4a88\" data-element_type=\"widget\" data-widget_type=\"heading.default\">\n\t\t\t\t\t<h2 class=\"elementor-heading-title elementor-size-default\">Aut\u00f3mata Grupo<\/h2>\t\t\t\t<\/div>\n\t\t\t\t<div class=\"elementor-element elementor-element-7cfe48e elementor-widget elementor-widget-text-editor\" data-id=\"7cfe48e\" data-element_type=\"widget\" data-widget_type=\"text-editor.default\">\n\t\t\t\t\t\t\t\t\t<p>Conhe\u00e7a os nossos servi\u00e7os e produtos na nossa loja.\u00a0<\/p>\t\t\t\t\t\t\t\t<\/div>\n\t\t\t\t<div class=\"elementor-element elementor-element-4a5a814 elementor-widget__width-initial elementor-widget elementor-widget-button\" data-id=\"4a5a814\" data-element_type=\"widget\" data-widget_type=\"button.default\">\n\t\t\t\t\t\t\t\t\t\t<a class=\"elementor-button elementor-button-link elementor-size-sm\" href=\"http:\/\/loja.automata.pt\/\" target=\"_blank\">\n\t\t\t\t\t\t<span class=\"elementor-button-content-wrapper\">\n\t\t\t\t\t\t<span class=\"elementor-button-icon\">\n\t\t\t\t<svg aria-hidden=\"true\" class=\"e-font-icon-svg e-fas-shopping-cart\" viewBox=\"0 0 576 512\" xmlns=\"http:\/\/www.w3.org\/2000\/svg\"><path d=\"M528.12 301.319l47.273-208C578.806 78.301 567.391 64 551.99 64H159.208l-9.166-44.81C147.758 8.021 137.93 0 126.529 0H24C10.745 0 0 10.745 0 24v16c0 13.255 10.745 24 24 24h69.883l70.248 343.435C147.325 417.1 136 435.222 136 456c0 30.928 25.072 56 56 56s56-25.072 56-56c0-15.674-6.447-29.835-16.824-40h209.647C430.447 426.165 424 440.326 424 456c0 30.928 25.072 56 56 56s56-25.072 56-56c0-22.172-12.888-41.332-31.579-50.405l5.517-24.276c3.413-15.018-8.002-29.319-23.403-29.319H218.117l-6.545-32h293.145c11.206 0 20.92-7.754 23.403-18.681z\"><\/path><\/svg>\t\t\t<\/span>\n\t\t\t\t\t\t\t\t\t<span class=\"elementor-button-text\">Viste a Nossa Loja<\/span>\n\t\t\t\t\t<\/span>\n\t\t\t\t\t<\/a>\n\t\t\t\t\t\t\t\t<\/div>\n\t\t\t\t\t<\/div>\n\t\t\t\t<\/div>\n\t\t<div class=\"elementor-element elementor-element-15342ed e-flex e-con-boxed e-con e-parent\" data-id=\"15342ed\" data-element_type=\"container\">\n\t\t\t\t\t<div class=\"e-con-inner\">\n\t\t\t\t<div class=\"elementor-element elementor-element-b712f0e elementor-widget-divider--view-line elementor-widget elementor-widget-divider\" data-id=\"b712f0e\" data-element_type=\"widget\" data-widget_type=\"divider.default\">\n\t\t\t\t\t\t\t<div class=\"elementor-divider\">\n\t\t\t<span class=\"elementor-divider-separator\">\n\t\t\t\t\t\t<\/span>\n\t\t<\/div>\n\t\t\t\t\t\t<\/div>\n\t\t\t\t<div class=\"elementor-element elementor-element-ce61801 elementor-widget elementor-widget-heading\" data-id=\"ce61801\" data-element_type=\"widget\" data-widget_type=\"heading.default\">\n\t\t\t\t\t<h2 class=\"elementor-heading-title elementor-size-default\">Quem somos<\/h2>\t\t\t\t<\/div>\n\t\t<div class=\"elementor-element elementor-element-0caa019 e-flex e-con-boxed e-con e-child\" data-id=\"0caa019\" data-element_type=\"container\">\n\t\t\t\t\t<div class=\"e-con-inner\">\n\t\t\t\t<div class=\"elementor-element elementor-element-98d7a3c elementor-widget elementor-widget-text-editor\" data-id=\"98d7a3c\" data-element_type=\"widget\" data-widget_type=\"text-editor.default\">\n\t\t\t\t\t\t\t\t\t<p>A Aut\u00f3mata como \u00e9 conhecida, \u00e9 agora o Grupo Aut\u00f3mata, que integra tr\u00eas novas marcas aliadas a este Grupo:<\/p><ul><li><strong>Aut\u00f3mata Inform\u00e1tica <\/strong><\/li><li><strong>Aresta<\/strong> | Decora\u00e7\u00e3o de Interiores<\/li><li><strong>Atrevida<\/strong> | Comunica\u00e7\u00e3o e Artes Gr\u00e1ficas<\/li><\/ul><p>As tr\u00eas \u00e1reas de neg\u00f3cio das marcas criadas j\u00e1 faziam parte da Aut\u00f3mata at\u00e9 ent\u00e3o, mas consideramos que faz sentido diferenci\u00e1-las para as fazer crescer. Assim sendo, a <strong>Aut\u00f3mata Inform\u00e1tica<\/strong> continuar\u00e1 a operar nas \u00e1reas das tecnologias e inform\u00e1tica, dispondo de t\u00e9cnicos especializados, com o objetivo de crescer ainda mais, sempre comprometidos com a qualidade e empenhados em encontrar a melhor solu\u00e7\u00e3o para a sua necessidade tecnol\u00f3gica e inform\u00e1tica. A <strong>Aresta<\/strong> ser\u00e1 a nossa marca de decora\u00e7\u00e3o de interiores. Com o seu passado na venda de mobili\u00e1rio de escrit\u00f3rio, tem como objetivo expandir-se para a decora\u00e7\u00e3o de todos os tipos de espa\u00e7os, desde a decora\u00e7\u00e3o de uma parede, uma divis\u00e3o, uma empresa ou casa completa. A <strong>Atrevida<\/strong> surge da \u00e1rea de neg\u00f3cio que j\u00e1 operava na Aut\u00f3mata, as Artes Gr\u00e1ficas. A sua cria\u00e7\u00e3o tem como objetivo principal proporcionar aos nossos clientes um parceiro na \u00e1rea da comunica\u00e7\u00e3o e da imagem gr\u00e1fica. Desde a cria\u00e7\u00e3o de um log\u00f3tipo, \u00e0 cria\u00e7\u00e3o do website e gest\u00e3o das redes sociais, pretendemos criar condi\u00e7\u00f5es aos nossos clientes para que os seus neg\u00f3cios tenham uma boa comunica\u00e7\u00e3o e imagem.<\/p>\t\t\t\t\t\t\t\t<\/div>\n\t\t\t\t\t<\/div>\n\t\t\t\t<\/div>\n\t\t<div class=\"elementor-element elementor-element-3736d7a e-grid e-con-full e-con e-child\" data-id=\"3736d7a\" data-element_type=\"container\">\n\t\t\t\t<div class=\"elementor-element elementor-element-39fd6ec elementor-widget elementor-widget-image\" data-id=\"39fd6ec\" data-element_type=\"widget\" data-widget_type=\"image.default\">\n\t\t\t\t\t\t\t\t\t\t\t\t\t\t\t\t<a href=\"https:\/\/informatica.automata.pt\/\">\n\t\t\t\t\t\t\t<img fetchpriority=\"high\" decoding=\"async\" width=\"755\" height=\"167\" src=\"https:\/\/automata.pt\/wp-content\/uploads\/2025\/08\/Asset-2.png\" class=\"attachment-large size-large wp-image-45\" alt=\"\" srcset=\"https:\/\/automata.pt\/wp-content\/uploads\/2025\/08\/Asset-2.png 755w, https:\/\/automata.pt\/wp-content\/uploads\/2025\/08\/Asset-2-300x66.png 300w\" sizes=\"(max-width: 755px) 100vw, 755px\" \/>\t\t\t\t\t\t\t\t<\/a>\n\t\t\t\t\t\t\t\t\t\t\t\t\t\t\t<\/div>\n\t\t\t\t<div class=\"elementor-element elementor-element-289d12d elementor-widget elementor-widget-image\" data-id=\"289d12d\" data-element_type=\"widget\" data-widget_type=\"image.default\">\n\t\t\t\t\t\t\t\t\t\t\t\t\t\t\t\t<a href=\"https:\/\/aresta.automata.pt\/\">\n\t\t\t\t\t\t\t<img decoding=\"async\" width=\"590\" height=\"158\" src=\"https:\/\/automata.pt\/wp-content\/uploads\/2025\/08\/Asset-3.png\" class=\"attachment-large size-large wp-image-46\" alt=\"\" srcset=\"https:\/\/automata.pt\/wp-content\/uploads\/2025\/08\/Asset-3.png 590w, https:\/\/automata.pt\/wp-content\/uploads\/2025\/08\/Asset-3-300x80.png 300w\" sizes=\"(max-width: 590px) 100vw, 590px\" \/>\t\t\t\t\t\t\t\t<\/a>\n\t\t\t\t\t\t\t\t\t\t\t\t\t\t\t<\/div>\n\t\t\t\t<div class=\"elementor-element elementor-element-aaf6367 elementor-widget elementor-widget-image\" data-id=\"aaf6367\" data-element_type=\"widget\" data-widget_type=\"image.default\">\n\t\t\t\t\t\t\t\t\t\t\t\t\t\t\t\t<a href=\"https:\/\/atrevida.automata.pt\/\">\n\t\t\t\t\t\t\t<img decoding=\"async\" width=\"796\" height=\"184\" src=\"https:\/\/automata.pt\/wp-content\/uploads\/2025\/08\/Asset-4.png\" class=\"attachment-large size-large wp-image-47\" alt=\"\" srcset=\"https:\/\/automata.pt\/wp-content\/uploads\/2025\/08\/Asset-4.png 796w, https:\/\/automata.pt\/wp-content\/uploads\/2025\/08\/Asset-4-300x69.png 300w, https:\/\/automata.pt\/wp-content\/uploads\/2025\/08\/Asset-4-768x178.png 768w\" sizes=\"(max-width: 796px) 100vw, 796px\" \/>\t\t\t\t\t\t\t\t<\/a>\n\t\t\t\t\t\t\t\t\t\t\t\t\t\t\t<\/div>\n\t\t\t\t<\/div>\n\t\t\t\t\t<\/div>\n\t\t\t\t<\/div>\n\t\t<div class=\"elementor-element elementor-element-743c442 e-flex e-con-boxed e-con e-parent\" data-id=\"743c442\" data-element_type=\"container\">\n\t\t\t\t\t<div class=\"e-con-inner\">\n\t\t\t\t<div class=\"elementor-element elementor-element-7756e3d elementor-widget-divider--view-line elementor-widget elementor-widget-divider\" data-id=\"7756e3d\" data-element_type=\"widget\" data-widget_type=\"divider.default\">\n\t\t\t\t\t\t\t<div class=\"elementor-divider\">\n\t\t\t<span class=\"elementor-divider-separator\">\n\t\t\t\t\t\t<\/span>\n\t\t<\/div>\n\t\t\t\t\t\t<\/div>\n\t\t\t\t\t<\/div>\n\t\t\t\t<\/div>\n\t\t\t\t<\/div>\n\t\t","protected":false},"excerpt":{"rendered":"<p>Aut\u00f3mata Grupo Conhe\u00e7a os nossos servi\u00e7os e produtos na nossa loja.\u00a0 Viste a Nossa Loja Quem somos A Aut\u00f3mata como \u00e9 conhecida, \u00e9 agora o Grupo Aut\u00f3mata, que integra tr\u00eas novas marcas aliadas a este Grupo: Aut\u00f3mata Inform\u00e1tica Aresta | Decora\u00e7\u00e3o de Interiores Atrevida | Comunica\u00e7\u00e3o e Artes Gr\u00e1ficas As tr\u00eas \u00e1reas de neg\u00f3cio das [&hellip;]<\/p>\n","protected":false},"author":1,"featured_media":0,"parent":0,"menu_order":0,"comment_status":"closed","ping_status":"closed","template":"elementor_canvas","meta":{"footnotes":""},"class_list":["post-35","page","type-page","status-publish","hentry"],"_links":{"self":[{"href":"https:\/\/automata.pt\/index.php\/wp-json\/wp\/v2\/pages\/35","targetHints":{"allow":["GET"]}}],"collection":[{"href":"https:\/\/automata.pt\/index.php\/wp-json\/wp\/v2\/pages"}],"about":[{"href":"https:\/\/automata.pt\/index.php\/wp-json\/wp\/v2\/types\/page"}],"author":[{"embeddable":true,"href":"https:\/\/automata.pt\/index.php\/wp-json\/wp\/v2\/users\/1"}],"replies":[{"embeddable":true,"href":"https:\/\/automata.pt\/index.php\/wp-json\/wp\/v2\/comments?post=35"}],"version-history":[{"count":19,"href":"https:\/\/automata.pt\/index.php\/wp-json\/wp\/v2\/pages\/35\/revisions"}],"predecessor-version":[{"id":72,"href":"https:\/\/automata.pt\/index.php\/wp-json\/wp\/v2\/pages\/35\/revisions\/72"}],"wp:attachment":[{"href":"https:\/\/automata.pt\/index.php\/wp-json\/wp\/v2\/media?parent=35"}],"curies":[{"name":"wp","href":"https:\/\/api.w.org\/{rel}","templated":true}]}}